{"id":66,"date":"2025-07-30T22:15:15","date_gmt":"2025-07-30T20:15:15","guid":{"rendered":"https:\/\/www.1101itsolutions.de\/?page_id=66"},"modified":"2025-07-30T22:47:47","modified_gmt":"2025-07-30T20:47:47","slug":"e-mail-hosting","status":"publish","type":"page","link":"https:\/\/www.1101itsolutions.de\/?page_id=66","title":{"rendered":"E-Mail Hosting"},"content":{"rendered":"<div class=\"wp-block-image\">\n<figure class=\"aligncenter size-full is-resized\"><img loading=\"lazy\" decoding=\"async\" width=\"1024\" height=\"1024\" src=\"https:\/\/www.1101itsolutions.de\/wp-content\/uploads\/2025\/07\/E-Mail-Sicherheit2.png\" alt=\"\" class=\"wp-image-79\" style=\"width:340px;height:auto\" srcset=\"https:\/\/www.1101itsolutions.de\/wp-content\/uploads\/2025\/07\/E-Mail-Sicherheit2.png 1024w, https:\/\/www.1101itsolutions.de\/wp-content\/uploads\/2025\/07\/E-Mail-Sicherheit2-300x300.png 300w, https:\/\/www.1101itsolutions.de\/wp-content\/uploads\/2025\/07\/E-Mail-Sicherheit2-150x150.png 150w, https:\/\/www.1101itsolutions.de\/wp-content\/uploads\/2025\/07\/E-Mail-Sicherheit2-768x768.png 768w, https:\/\/www.1101itsolutions.de\/wp-content\/uploads\/2025\/07\/E-Mail-Sicherheit2-600x600.png 600w\" sizes=\"auto, (max-width: 1024px) 100vw, 1024px\" \/><\/figure>\n<\/div>\n\n\n<p>Wir bieten den Betrieb und die Absicherung Ihrer privaten oder gesch\u00e4ftlichen E-Mail-Kommunikation unter Ihrer eigenen Domain \u2013 auf Basis aktueller Sicherheitsstandards. Unsere L\u00f6sung orientiert sich an den technischen Richtlinien des Bundesamts f\u00fcr Sicherheit in der Informationstechnik (BSI), insbesondere an:<\/p>\n\n\n\n<ul class=\"wp-block-list\">\n<li><strong>TR\u201103182<\/strong> \u2013 Technische Richtlinie f\u00fcr E-Mail-Authentisierung (SPF, DKIM, DMARC)<\/li>\n\n\n\n<li><strong>TR\u201103108<\/strong> \u2013 Technische Richtlinie f\u00fcr sicheren E-Mail-Transport (TLS, DANE, MTA-STS)<\/li>\n<\/ul>\n\n\n\n<p>Ziel ist es, die Vertraulichkeit, Integrit\u00e4t und Authentizit\u00e4t Ihrer E-Mails sicherzustellen und gleichzeitig die Zustellbarkeit zu erh\u00f6hen und Missbrauch durch Dritte (z.\u202fB. Spoofing) zu unterbinden.<\/p>\n\n\n\n<p>Wir \u00fcbernehmen f\u00fcr Sie:<\/p>\n\n\n\n<ul class=\"wp-block-list\">\n<li>Den Betrieb der Mailserver-Infrastruktur<\/li>\n\n\n\n<li>Die Einrichtung von SPF, DKIM und DMARC gem\u00e4\u00df TR\u201103182<\/li>\n\n\n\n<li>Den Aufbau eines abgesicherten Mailtransports mit TLS-Verschl\u00fcsselung, DNSSEC, DANE und MTA-STS gem\u00e4\u00df TR\u201103108<\/li>\n\n\n\n<li>Unterst\u00fctzung bei der Implementierung von Ende-zu-Ende-Verschl\u00fcsselung (z.\u202fB. OpenPGP<\/li>\n<\/ul>\n","protected":false},"excerpt":{"rendered":"<p>Wir bieten den Betrieb und die Absicherung Ihrer privaten oder gesch\u00e4ftlichen E-Mail-Kommunikation unter Ihrer eigenen Domain \u2013 auf Basis aktueller Sicherheitsstandards. Unsere L\u00f6sung orientiert sich an den technischen Richtlinien des Bundesamts f\u00fcr Sicherheit in der Informationstechnik (BSI), insbesondere an: Ziel ist es, die Vertraulichkeit, Integrit\u00e4t und Authentizit\u00e4t Ihrer E-Mails sicherzustellen und gleichzeitig die Zustellbarkeit zu [&hellip;]<\/p>\n","protected":false},"author":1,"featured_media":0,"parent":0,"menu_order":0,"comment_status":"closed","ping_status":"closed","template":"","meta":{"footnotes":""},"class_list":["post-66","page","type-page","status-publish","hentry","entry"],"_links":{"self":[{"href":"https:\/\/www.1101itsolutions.de\/index.php?rest_route=\/wp\/v2\/pages\/66","targetHints":{"allow":["GET"]}}],"collection":[{"href":"https:\/\/www.1101itsolutions.de\/index.php?rest_route=\/wp\/v2\/pages"}],"about":[{"href":"https:\/\/www.1101itsolutions.de\/index.php?rest_route=\/wp\/v2\/types\/page"}],"author":[{"embeddable":true,"href":"https:\/\/www.1101itsolutions.de\/index.php?rest_route=\/wp\/v2\/users\/1"}],"replies":[{"embeddable":true,"href":"https:\/\/www.1101itsolutions.de\/index.php?rest_route=%2Fwp%2Fv2%2Fcomments&post=66"}],"version-history":[{"count":3,"href":"https:\/\/www.1101itsolutions.de\/index.php?rest_route=\/wp\/v2\/pages\/66\/revisions"}],"predecessor-version":[{"id":81,"href":"https:\/\/www.1101itsolutions.de\/index.php?rest_route=\/wp\/v2\/pages\/66\/revisions\/81"}],"wp:attachment":[{"href":"https:\/\/www.1101itsolutions.de\/index.php?rest_route=%2Fwp%2Fv2%2Fmedia&parent=66"}],"curies":[{"name":"wp","href":"https:\/\/api.w.org\/{rel}","templated":true}]}}