{"id":12,"date":"2025-07-24T22:25:31","date_gmt":"2025-07-24T20:25:31","guid":{"rendered":"https:\/\/www.1101itsolutions.de\/wordpress\/?page_id=12"},"modified":"2025-07-24T23:22:25","modified_gmt":"2025-07-24T21:22:25","slug":"dienstleistungen","status":"publish","type":"page","link":"https:\/\/www.1101itsolutions.de\/?page_id=12","title":{"rendered":"Dienstleistungen"},"content":{"rendered":"\n<p>Ein Schwerpunkt unserer Arbeit liegt auf dem Betrieb sicherer E-Mail-Infrastrukturen unter eigener Domain. Wir bieten individuelle L\u00f6sungen f\u00fcr Organisationen, die auf kommerzielle Cloud-Dienste verzichten und die Kontrolle \u00fcber ihre Kommunikation behalten m\u00f6chten.<\/p>\n\n\n\n<p>Unsere E-Mail-Setups beinhalten:<\/p>\n\n\n\n<ul class=\"wp-block-list\">\n<li>Betrieb eigener Mailserver (SMTP\/IMAP) auf dedizierten Systemen<\/li>\n<li>Transportverschl\u00fcsselung (TLS) und moderne Authentifizierungsverfahren (SPF, DKIM, DMARC)<\/li>\n<li>Viren- und Spamfilterung mit Open-Source-Komponenten<\/li>\n<li>Integration in bestehende IT-Infrastrukturen (z.\u202fB. Groupware, zentrale Authentifizierung)<\/li>\n<li>Zugriff \u00fcber Webmail, Mobilger\u00e4te oder Desktop-Clients<\/li>\n<\/ul>\n\n\n\n<p>Alle Systeme werden regelm\u00e4\u00dfig aktualisiert, zentral \u00fcberwacht und vollst\u00e4ndig dokumentiert. Die Datenverarbeitung erfolgt ausschlie\u00dflich in deutschen Rechenzentren \u2013 ohne externe Drittanbieter oder propriet\u00e4re Plattformen.<\/p>\n\n\n\n<p>Neben dem Mailbetrieb bieten wir weitere Dienstleistungen in den Bereichen Systemadministration, Netzwerkbetrieb und Open-Source-Beratung. Wir unterst\u00fctzen bei der Analyse bestehender Systeme, identifizieren Schwachstellen und entwickeln pragmatische Ma\u00dfnahmen zur Absicherung \u2013 abgestimmt auf den tats\u00e4chlichen Bedarf und vorhandene Ressourcen.<\/p>\n","protected":false},"excerpt":{"rendered":"<p>Ein Schwerpunkt unserer Arbeit liegt auf dem Betrieb sicherer E-Mail-Infrastrukturen unter eigener Domain. Wir bieten individuelle L\u00f6sungen f\u00fcr Organisationen, die auf kommerzielle Cloud-Dienste verzichten und die Kontrolle \u00fcber ihre Kommunikation behalten m\u00f6chten. Unsere E-Mail-Setups beinhalten: Alle Systeme werden regelm\u00e4\u00dfig aktualisiert, zentral \u00fcberwacht und vollst\u00e4ndig dokumentiert. Die Datenverarbeitung erfolgt ausschlie\u00dflich in deutschen Rechenzentren \u2013 ohne externe [&hellip;]<\/p>\n","protected":false},"author":1,"featured_media":0,"parent":0,"menu_order":0,"comment_status":"closed","ping_status":"closed","template":"","meta":{"footnotes":""},"class_list":["post-12","page","type-page","status-publish","hentry","entry"],"_links":{"self":[{"href":"https:\/\/www.1101itsolutions.de\/index.php?rest_route=\/wp\/v2\/pages\/12","targetHints":{"allow":["GET"]}}],"collection":[{"href":"https:\/\/www.1101itsolutions.de\/index.php?rest_route=\/wp\/v2\/pages"}],"about":[{"href":"https:\/\/www.1101itsolutions.de\/index.php?rest_route=\/wp\/v2\/types\/page"}],"author":[{"embeddable":true,"href":"https:\/\/www.1101itsolutions.de\/index.php?rest_route=\/wp\/v2\/users\/1"}],"replies":[{"embeddable":true,"href":"https:\/\/www.1101itsolutions.de\/index.php?rest_route=%2Fwp%2Fv2%2Fcomments&post=12"}],"version-history":[{"count":3,"href":"https:\/\/www.1101itsolutions.de\/index.php?rest_route=\/wp\/v2\/pages\/12\/revisions"}],"predecessor-version":[{"id":52,"href":"https:\/\/www.1101itsolutions.de\/index.php?rest_route=\/wp\/v2\/pages\/12\/revisions\/52"}],"wp:attachment":[{"href":"https:\/\/www.1101itsolutions.de\/index.php?rest_route=%2Fwp%2Fv2%2Fmedia&parent=12"}],"curies":[{"name":"wp","href":"https:\/\/api.w.org\/{rel}","templated":true}]}}